{"id":786,"date":"2024-06-21T12:24:28","date_gmt":"2024-06-21T12:24:28","guid":{"rendered":"https:\/\/laboratoriodentaljordenta.com\/?page_id=786"},"modified":"2024-08-01T09:21:25","modified_gmt":"2024-08-01T09:21:25","slug":"nosotros","status":"publish","type":"page","link":"https:\/\/laboratoriodentaljordenta.com\/cat\/nosotros","title":{"rendered":"Nosaltres"},"content":{"rendered":"\t\t<div data-elementor-type=\"wp-page\" data-elementor-id=\"786\" class=\"elementor elementor-786\" data-elementor-post-type=\"page\">\n\t\t\t\t\t\t<section class=\"elementor-section elementor-top-section elementor-element elementor-element-420e612c elementor-section-boxed elementor-section-height-default elementor-section-height-default\" data-id=\"420e612c\" data-element_type=\"section\" data-e-type=\"section\">\n\t\t\t\t\t\t<div class=\"elementor-container elementor-column-gap-default\">\n\t\t\t\t\t<div class=\"elementor-column elementor-col-50 elementor-top-column elementor-element elementor-element-178e0bc0\" data-id=\"178e0bc0\" data-element_type=\"column\" data-e-type=\"column\">\n\t\t\t<div class=\"elementor-widget-wrap elementor-element-populated\">\n\t\t\t\t\t\t<div class=\"elementor-element elementor-element-1f86b248 elementor-invisible elementor-widget elementor-widget-qi_addons_for_elementor_parallax_images\" data-id=\"1f86b248\" data-element_type=\"widget\" data-e-type=\"widget\" data-settings=\"{&quot;_animation&quot;:&quot;fadeIn&quot;}\" data-widget_type=\"qi_addons_for_elementor_parallax_images.default\">\n\t\t\t\t<div class=\"elementor-widget-container\">\n\t\t\t\t\t<div class=\"qodef-shortcode qodef-m qodef-qi-parallax-images qodef-layout--default\">\n\t<div class=\"qodef-m-images\">\n\t\t<div class=\"qodef-e-main-image-holder\">\n\t\t\t<div class=\"qodef-e-main-image-zoom-holder\">\n\t\t\t\t\t\t\t\t\t<div class=\"qodef-e-main-image\" >\n\t\t\t\t\t\t<img fetchpriority=\"high\" decoding=\"async\" width=\"800\" height=\"566\" src=\"https:\/\/laboratoriodentaljordenta.com\/wp-content\/uploads\/2024\/06\/hisotria-laboratorio-jpg.webp\" class=\"attachment-large size-large\" alt=\"\" srcset=\"https:\/\/laboratoriodentaljordenta.com\/wp-content\/uploads\/2024\/06\/hisotria-laboratorio-jpg.webp 800w, https:\/\/laboratoriodentaljordenta.com\/wp-content\/uploads\/2024\/06\/hisotria-laboratorio-300x212.webp 300w, https:\/\/laboratoriodentaljordenta.com\/wp-content\/uploads\/2024\/06\/hisotria-laboratorio-768x543.webp 768w\" sizes=\"(max-width: 800px) 100vw, 800px\" \/>\t\t\t\t\t<\/div>\n\t\t\t\t\t\t\t<\/div>\n\t\t<\/div>\n\t\t\t\t\t\t\t\t\t\t\t\t\t<div class=\"qodef-e-parallax-image qodef-position--bottom-left elementor-repeater-item-00b66fe\" data-parallax=\"70\">\n\t\t\t\t\t<img decoding=\"async\" width=\"300\" height=\"281\" src=\"https:\/\/laboratoriodentaljordenta.com\/wp-content\/uploads\/2024\/06\/hisotria-laboratorio3-300x281.webp\" class=\"attachment-medium size-medium\" alt=\"\" srcset=\"https:\/\/laboratoriodentaljordenta.com\/wp-content\/uploads\/2024\/06\/hisotria-laboratorio3-300x281.webp 300w, https:\/\/laboratoriodentaljordenta.com\/wp-content\/uploads\/2024\/06\/hisotria-laboratorio3-768x720.webp 768w, https:\/\/laboratoriodentaljordenta.com\/wp-content\/uploads\/2024\/06\/hisotria-laboratorio3-jpg.webp 800w\" sizes=\"(max-width: 300px) 100vw, 300px\" \/>\t\t\t\t<\/div>\n\t\t\t\t\t\t\t\t\t\t\t<div class=\"qodef-e-parallax-image qodef-position--bottom-left elementor-repeater-item-f6a9316\" data-parallax=\"-50\">\n\t\t\t\t\t<img decoding=\"async\" width=\"300\" height=\"200\" src=\"https:\/\/laboratoriodentaljordenta.com\/wp-content\/uploads\/2024\/06\/hisotria-laboratorio2-300x200.webp\" class=\"attachment-medium size-medium\" alt=\"\" srcset=\"https:\/\/laboratoriodentaljordenta.com\/wp-content\/uploads\/2024\/06\/hisotria-laboratorio2-300x200.webp 300w, https:\/\/laboratoriodentaljordenta.com\/wp-content\/uploads\/2024\/06\/hisotria-laboratorio2-768x512.webp 768w, https:\/\/laboratoriodentaljordenta.com\/wp-content\/uploads\/2024\/06\/hisotria-laboratorio2-jpg.webp 800w\" sizes=\"(max-width: 300px) 100vw, 300px\" \/>\t\t\t\t<\/div>\n\t\t\t\t\t\t<\/div>\n<\/div>\n\t\t\t\t<\/div>\n\t\t\t\t<\/div>\n\t\t\t\t\t<\/div>\n\t\t<\/div>\n\t\t\t\t<div class=\"elementor-column elementor-col-50 elementor-top-column elementor-element elementor-element-42a94295\" data-id=\"42a94295\" data-element_type=\"column\" data-e-type=\"column\">\n\t\t\t<div class=\"elementor-widget-wrap elementor-element-populated\">\n\t\t\t\t\t\t<div class=\"elementor-element elementor-element-2c51f5c elementor-widget elementor-widget-qi_addons_for_elementor_animated_text\" data-id=\"2c51f5c\" data-element_type=\"widget\" data-e-type=\"widget\" data-widget_type=\"qi_addons_for_elementor_animated_text.default\">\n\t\t\t\t<div class=\"elementor-widget-container\">\n\t\t\t\t\t<div class=\"qodef-shortcode qodef-m qodef-qi-animated-text qodef--animated-by-word qodef--alignment-left qodef-qi--has-appear qodef--appear-from-bottom\" >\n\t\t<h2 class=\"qodef-m-title\">\n\t\t<span class=\"qodef-e-word\">Laboratorio<\/span> <span class=\"qodef-e-word\">Dental<\/span> <span class=\"qodef-e-word\">Jordenta<\/span>\t<\/h2>\n<\/div>\n\t\t\t\t<\/div>\n\t\t\t\t<\/div>\n\t\t\t\t<div class=\"elementor-element elementor-element-26459fb5 elementor-invisible elementor-widget elementor-widget-text-editor\" data-id=\"26459fb5\" data-element_type=\"widget\" data-e-type=\"widget\" data-settings=\"{&quot;_animation&quot;:&quot;fadeIn&quot;}\" data-widget_type=\"text-editor.default\">\n\t\t\t\t<div class=\"elementor-widget-container\">\n\t\t\t\t\t\t\t\t\t<p>Laboratorio Dental Jordenta naci\u00f3 en Barcelona en septiembre de 1992. Desde nuestros inicios, nuestro objetivo ha sido siempre ofrecer el mejor servicio posible y mantener una relaci\u00f3n cercana con nuestros clientes.<\/p><p>Inicialmente, nos especializamos en la fabricaci\u00f3n de pr\u00f3tesis removibles. Despu\u00e9s de m\u00e1s de 30 a\u00f1os de experiencia, nuestro laboratorio se ha especializado en el dise\u00f1o y fabricaci\u00f3n de pr\u00f3tesis removibles y semiflexibles, pr\u00f3tesis fijas, implantolog\u00eda y tecnolog\u00eda Cad-Cam.<\/p>\t\t\t\t\t\t\t\t<\/div>\n\t\t\t\t<\/div>\n\t\t\t\t\t<\/div>\n\t\t<\/div>\n\t\t\t\t\t<\/div>\n\t\t<\/section>\n\t\t<div class=\"elementor-element elementor-element-729e80e e-flex e-con-boxed e-con e-parent\" data-id=\"729e80e\" data-element_type=\"container\" data-e-type=\"container\">\n\t\t\t\t\t<div class=\"e-con-inner\">\n\t\t\t\t<div class=\"elementor-element elementor-element-b4c0c4e elementor-widget elementor-widget-text-editor\" data-id=\"b4c0c4e\" data-element_type=\"widget\" data-e-type=\"widget\" data-widget_type=\"text-editor.default\">\n\t\t\t\t<div class=\"elementor-widget-container\">\n\t\t\t\t\t\t\t\t\t<blockquote><p style=\"text-align: center;\"><em>\u00abEl \u00e9xito de una pr\u00f3tesis es la acumulaci\u00f3n de peque\u00f1os detalles\u00bb<\/em><\/p><p style=\"text-align: center;\"><strong>Jordi Sors Ruzafa<\/strong><\/p><\/blockquote>\t\t\t\t\t\t\t\t<\/div>\n\t\t\t\t<\/div>\n\t\t\t\t\t<\/div>\n\t\t\t\t<\/div>\n\t\t<div class=\"elementor-element elementor-element-f9763c1 e-flex e-con-boxed e-con e-parent\" data-id=\"f9763c1\" data-element_type=\"container\" data-e-type=\"container\">\n\t\t\t\t\t<div class=\"e-con-inner\">\n\t\t<div class=\"elementor-element elementor-element-167941e e-con-full e-flex e-con e-child\" data-id=\"167941e\" data-element_type=\"container\" data-e-type=\"container\">\n\t\t\t\t<div class=\"elementor-element elementor-element-95c8788 elementor-widget elementor-widget-heading\" data-id=\"95c8788\" data-element_type=\"widget\" data-e-type=\"widget\" data-widget_type=\"heading.default\">\n\t\t\t\t<div class=\"elementor-widget-container\">\n\t\t\t\t\t<h2 class=\"elementor-heading-title elementor-size-default\">De D\u00f3nde Venimos<\/h2>\t\t\t\t<\/div>\n\t\t\t\t<\/div>\n\t\t\t\t<div class=\"elementor-element elementor-element-299bf0a elementor-widget elementor-widget-text-editor\" data-id=\"299bf0a\" data-element_type=\"widget\" data-e-type=\"widget\" data-widget_type=\"text-editor.default\">\n\t\t\t\t<div class=\"elementor-widget-container\">\n\t\t\t\t\t\t\t\t\t<p><span style=\"color: #808080;\">Jordi Sors Vancells (1937 \u2013 2014)<\/span><\/p>\t\t\t\t\t\t\t\t<\/div>\n\t\t\t\t<\/div>\n\t\t\t\t<div class=\"elementor-element elementor-element-428e8e9 elementor-widget elementor-widget-text-editor\" data-id=\"428e8e9\" data-element_type=\"widget\" data-e-type=\"widget\" data-widget_type=\"text-editor.default\">\n\t\t\t\t<div class=\"elementor-widget-container\">\n\t\t\t\t\t\t\t\t\t<p>En 1951, mi padre descubri\u00f3 una profesi\u00f3n que poco a poco se convirti\u00f3 en su pasi\u00f3n: la fabricaci\u00f3n de pr\u00f3tesis dentales, una pasi\u00f3n que disfrut\u00f3 durante 63 a\u00f1os.<\/p>\n<p>A los 14 a\u00f1os, comenz\u00f3 a trabajar en un laboratorio situado en la calle Sep\u00falveda de Barcelona, con la familia Barri. Empez\u00f3 con este oficio siendo un ni\u00f1o y continu\u00f3 hasta el d\u00eda de su jubilaci\u00f3n. Durante este tiempo, inici\u00f3 sus estudios para titularse en esta profesi\u00f3n, y a\u00f1os despu\u00e9s, se enorgullec\u00eda de tener su t\u00edtulo.<\/p>\t\t\t\t\t\t\t\t<\/div>\n\t\t\t\t<\/div>\n\t\t\t\t<\/div>\n\t\t<div class=\"elementor-element elementor-element-4e75d94 e-con-full e-flex e-con e-child\" data-id=\"4e75d94\" data-element_type=\"container\" data-e-type=\"container\">\n\t\t\t\t<div class=\"elementor-element elementor-element-2b3db1f elementor-widget elementor-widget-image\" data-id=\"2b3db1f\" data-element_type=\"widget\" data-e-type=\"widget\" data-widget_type=\"image.default\">\n\t\t\t\t<div class=\"elementor-widget-container\">\n\t\t\t\t\t\t\t\t\t\t\t\t\t\t\t<img loading=\"lazy\" decoding=\"async\" width=\"624\" height=\"420\" src=\"https:\/\/laboratoriodentaljordenta.com\/wp-content\/uploads\/2024\/06\/1.png\" class=\"attachment-large size-large wp-image-892\" alt=\"\" srcset=\"https:\/\/laboratoriodentaljordenta.com\/wp-content\/uploads\/2024\/06\/1.png 624w, https:\/\/laboratoriodentaljordenta.com\/wp-content\/uploads\/2024\/06\/1-300x202.png 300w\" sizes=\"(max-width: 624px) 100vw, 624px\" \/>\t\t\t\t\t\t\t\t\t\t\t\t\t\t\t<\/div>\n\t\t\t\t<\/div>\n\t\t\t\t<\/div>\n\t\t\t\t\t<\/div>\n\t\t\t\t<\/div>\n\t\t<div class=\"elementor-element elementor-element-8c08de1 e-flex e-con-boxed e-con e-parent\" data-id=\"8c08de1\" data-element_type=\"container\" data-e-type=\"container\">\n\t\t\t\t\t<div class=\"e-con-inner\">\n\t\t\t\t<div class=\"elementor-element elementor-element-57e3e69 elementor-widget elementor-widget-spacer\" data-id=\"57e3e69\" data-element_type=\"widget\" data-e-type=\"widget\" data-widget_type=\"spacer.default\">\n\t\t\t\t<div class=\"elementor-widget-container\">\n\t\t\t\t\t\t\t<div class=\"elementor-spacer\">\n\t\t\t<div class=\"elementor-spacer-inner\"><\/div>\n\t\t<\/div>\n\t\t\t\t\t\t<\/div>\n\t\t\t\t<\/div>\n\t\t\t\t\t<\/div>\n\t\t\t\t<\/div>\n\t\t<div class=\"elementor-element elementor-element-dac5970 e-flex e-con-boxed e-con e-parent\" data-id=\"dac5970\" data-element_type=\"container\" data-e-type=\"container\">\n\t\t\t\t\t<div class=\"e-con-inner\">\n\t\t<div class=\"elementor-element elementor-element-0a544a6 e-con-full e-flex e-con e-child\" data-id=\"0a544a6\" data-element_type=\"container\" data-e-type=\"container\">\n\t\t\t\t<div class=\"elementor-element elementor-element-cdb211d elementor-widget elementor-widget-image\" data-id=\"cdb211d\" data-element_type=\"widget\" data-e-type=\"widget\" data-widget_type=\"image.default\">\n\t\t\t\t<div class=\"elementor-widget-container\">\n\t\t\t\t\t\t\t\t\t\t\t\t\t\t\t<img loading=\"lazy\" decoding=\"async\" width=\"385\" height=\"409\" src=\"https:\/\/laboratoriodentaljordenta.com\/wp-content\/uploads\/2024\/06\/2-e1721141656584.png\" class=\"attachment-large size-large wp-image-893\" alt=\"\" srcset=\"https:\/\/laboratoriodentaljordenta.com\/wp-content\/uploads\/2024\/06\/2-e1721141656584.png 385w, https:\/\/laboratoriodentaljordenta.com\/wp-content\/uploads\/2024\/06\/2-e1721141656584-282x300.png 282w\" sizes=\"(max-width: 385px) 100vw, 385px\" \/>\t\t\t\t\t\t\t\t\t\t\t\t\t\t\t<\/div>\n\t\t\t\t<\/div>\n\t\t\t\t<\/div>\n\t\t<div class=\"elementor-element elementor-element-b4c6a2c e-con-full e-flex e-con e-child\" data-id=\"b4c6a2c\" data-element_type=\"container\" data-e-type=\"container\">\n\t\t\t\t<div class=\"elementor-element elementor-element-6f6b134 elementor-widget elementor-widget-text-editor\" data-id=\"6f6b134\" data-element_type=\"widget\" data-e-type=\"widget\" data-widget_type=\"text-editor.default\">\n\t\t\t\t<div class=\"elementor-widget-container\">\n\t\t\t\t\t\t\t\t\t<p>Durante este camino, nac\u00ed yo, en 1968. Desde peque\u00f1o, mi padre me llevaba algunas tardes al laboratorio. All\u00ed manipulaba yeso, montaba articuladores y me daba un molde donde pasaba las tardes quem\u00e1ndome los dedos mientras intentaba hacer una placa de trubax sin entender para qu\u00e9 serv\u00eda todo lo que estaba haciendo.<\/p><div class=\"mt-1 flex gap-3 empty:hidden juice:-ml-3\"><div class=\"items-center justify-start rounded-xl p-1 flex\"><div class=\"flex items-center\"><div class=\"flex items-center pb-0.5 juice:pb-0\">\u00a0<\/div><\/div><\/div><\/div>\t\t\t\t\t\t\t\t<\/div>\n\t\t\t\t<\/div>\n\t\t\t\t<\/div>\n\t\t\t\t\t<\/div>\n\t\t\t\t<\/div>\n\t\t<div class=\"elementor-element elementor-element-9885158 e-flex e-con-boxed e-con e-parent\" data-id=\"9885158\" data-element_type=\"container\" data-e-type=\"container\">\n\t\t\t\t\t<div class=\"e-con-inner\">\n\t\t<div class=\"elementor-element elementor-element-3acf736 e-con-full e-flex e-con e-child\" data-id=\"3acf736\" data-element_type=\"container\" data-e-type=\"container\">\n\t\t\t\t<div class=\"elementor-element elementor-element-52bbeda elementor-widget elementor-widget-image\" data-id=\"52bbeda\" data-element_type=\"widget\" data-e-type=\"widget\" data-widget_type=\"image.default\">\n\t\t\t\t<div class=\"elementor-widget-container\">\n\t\t\t\t\t\t\t\t\t\t\t\t\t\t\t<img loading=\"lazy\" decoding=\"async\" width=\"800\" height=\"552\" src=\"https:\/\/laboratoriodentaljordenta.com\/wp-content\/uploads\/2024\/06\/3-1024x707.webp\" class=\"attachment-large size-large wp-image-894\" alt=\"\" srcset=\"https:\/\/laboratoriodentaljordenta.com\/wp-content\/uploads\/2024\/06\/3-1024x707.webp 1024w, https:\/\/laboratoriodentaljordenta.com\/wp-content\/uploads\/2024\/06\/3-300x207.webp 300w, https:\/\/laboratoriodentaljordenta.com\/wp-content\/uploads\/2024\/06\/3-768x530.webp 768w, https:\/\/laboratoriodentaljordenta.com\/wp-content\/uploads\/2024\/06\/3-1536x1060.webp 1536w, https:\/\/laboratoriodentaljordenta.com\/wp-content\/uploads\/2024\/06\/3-jpg.webp 2048w\" sizes=\"(max-width: 800px) 100vw, 800px\" \/>\t\t\t\t\t\t\t\t\t\t\t\t\t\t\t<\/div>\n\t\t\t\t<\/div>\n\t\t\t\t<\/div>\n\t\t<div class=\"elementor-element elementor-element-856c284 e-con-full e-flex e-con e-child\" data-id=\"856c284\" data-element_type=\"container\" data-e-type=\"container\">\n\t\t\t\t<div class=\"elementor-element elementor-element-2ff9d96 elementor-widget elementor-widget-text-editor\" data-id=\"2ff9d96\" data-element_type=\"widget\" data-e-type=\"widget\" data-widget_type=\"text-editor.default\">\n\t\t\t\t<div class=\"elementor-widget-container\">\n\t\t\t\t\t\t\t\t\t<p>Con el tiempo, fui encontrando respuestas a todo lo que ve\u00eda y hac\u00eda. Me ense\u00f1aba a hacer montajes de dientes, muflas, etc. Siempre recordar\u00e9 cuando insist\u00eda en que deber\u00eda aprender a hacer fundas de oro troqueladas, prediciendo que este sistema era el futuro para fabricar prot\u00e9sis fija. Tambi\u00e9n me ense\u00f1aba a hacer colados de manera manual.<\/p><div class=\"flex flex-grow flex-col max-w-full\"><div class=\"min-h-[20px] text-message flex flex-col items-start whitespace-pre-wrap break-words [.text-message+&amp;]:mt-5 juice:w-full juice:items-end overflow-x-auto gap-2\" dir=\"auto\" data-message-author-role=\"assistant\" data-message-id=\"ad1ceed4-6b3f-4290-8e94-a72d8e0d1e99\"><div class=\"flex w-full flex-col gap-1 juice:empty:hidden juice:first:pt-[3px]\"><div class=\"markdown prose w-full break-words dark:prose-invert dark\"><p>Descubr\u00ed una manera de hacer pr\u00f3tesis de forma artesanal en su estado m\u00e1s puro. Y lo tuve claro desde bien peque\u00f1o.\u00a0<\/p><p>Y as\u00ed fue.<\/p><\/div><\/div><\/div><\/div>\t\t\t\t\t\t\t\t<\/div>\n\t\t\t\t<\/div>\n\t\t\t\t<div class=\"elementor-element elementor-element-dcb21b6 elementor-widget elementor-widget-text-editor\" data-id=\"dcb21b6\" data-element_type=\"widget\" data-e-type=\"widget\" data-widget_type=\"text-editor.default\">\n\t\t\t\t<div class=\"elementor-widget-container\">\n\t\t\t\t\t\t\t\t\t<blockquote><p style=\"text-align: right;\"><em>\u00abGracias por ense\u00f1arme a amar esta profesi\u00f3n de la manera en que lo hiciste\u00bb<\/em><\/p><\/blockquote>\t\t\t\t\t\t\t\t<\/div>\n\t\t\t\t<\/div>\n\t\t\t\t<\/div>\n\t\t\t\t\t<\/div>\n\t\t\t\t<\/div>\n\t\t\t\t<\/div>\n\t\t","protected":false},"excerpt":{"rendered":"<p>Laboratorio Dental Jordenta Laboratorio Dental Jordenta naci\u00f3 en Barcelona en septiembre de 1992. Desde nuestros inicios, nuestro objetivo ha sido siempre ofrecer el mejor servicio posible y mantener una relaci\u00f3n cercana con nuestros clientes. Inicialmente, nos especializamos en la fabricaci\u00f3n de pr\u00f3tesis removibles. Despu\u00e9s de m\u00e1s de 30 a\u00f1os de experiencia, nuestro laboratorio se ha [&hellip;]<\/p>\n","protected":false},"author":1,"featured_media":0,"parent":0,"menu_order":0,"comment_status":"closed","ping_status":"closed","template":"elementor_header_footer","meta":{"footnotes":""},"class_list":["post-786","page","type-page","status-publish","hentry"],"yoast_head":"<!-- This site is optimized with the Yoast SEO plugin v27.4 - https:\/\/yoast.com\/product\/yoast-seo-wordpress\/ -->\n<title>Nosotros - Jordenta | Laboratorio Dental Protes&iacute;co en Barcelona<\/title>\n<meta name=\"robots\" content=\"index, follow, max-snippet:-1, max-image-preview:large, max-video-preview:-1\" \/>\n<link rel=\"canonical\" href=\"https:\/\/laboratoriodentaljordenta.com\/cat\/nosotros\/\" \/>\n<meta property=\"og:locale\" content=\"ca_ES\" \/>\n<meta property=\"og:type\" content=\"article\" \/>\n<meta property=\"og:title\" content=\"Nosotros - Jordenta | Laboratorio Dental Protes&iacute;co en Barcelona\" \/>\n<meta property=\"og:description\" content=\"Laboratorio Dental Jordenta Laboratorio Dental Jordenta naci\u00f3 en Barcelona en septiembre de 1992. Desde nuestros inicios, nuestro objetivo ha sido siempre ofrecer el mejor servicio posible y mantener una relaci\u00f3n cercana con nuestros clientes. Inicialmente, nos especializamos en la fabricaci\u00f3n de pr\u00f3tesis removibles. Despu\u00e9s de m\u00e1s de 30 a\u00f1os de experiencia, nuestro laboratorio se ha [&hellip;]\" \/>\n<meta property=\"og:url\" content=\"https:\/\/laboratoriodentaljordenta.com\/cat\/nosotros\/\" \/>\n<meta property=\"og:site_name\" content=\"Jordenta | Laboratorio Dental Protes&iacute;co en Barcelona\" \/>\n<meta property=\"article:modified_time\" content=\"2024-08-01T09:21:25+00:00\" \/>\n<meta property=\"og:image\" content=\"https:\/\/laboratoriodentaljordenta.com\/wp-content\/uploads\/2024\/06\/hisotria-laboratorio-jpg.webp\" \/>\n<meta name=\"twitter:card\" content=\"summary_large_image\" \/>\n<meta name=\"twitter:label1\" content=\"Temps estimat de lectura\" \/>\n\t<meta name=\"twitter:data1\" content=\"3 minuts\" \/>\n<script type=\"application\/ld+json\" class=\"yoast-schema-graph\">{\"@context\":\"https:\\\/\\\/schema.org\",\"@graph\":[{\"@type\":\"WebPage\",\"@id\":\"https:\\\/\\\/laboratoriodentaljordenta.com\\\/nosotros\",\"url\":\"https:\\\/\\\/laboratoriodentaljordenta.com\\\/nosotros\",\"name\":\"Nosotros - Jordenta | Laboratorio Dental Protes&iacute;co en Barcelona\",\"isPartOf\":{\"@id\":\"https:\\\/\\\/laboratoriodentaljordenta.com\\\/#website\"},\"primaryImageOfPage\":{\"@id\":\"https:\\\/\\\/laboratoriodentaljordenta.com\\\/nosotros#primaryimage\"},\"image\":{\"@id\":\"https:\\\/\\\/laboratoriodentaljordenta.com\\\/nosotros#primaryimage\"},\"thumbnailUrl\":\"https:\\\/\\\/laboratoriodentaljordenta.com\\\/wp-content\\\/uploads\\\/2024\\\/06\\\/hisotria-laboratorio-jpg.webp\",\"datePublished\":\"2024-06-21T12:24:28+00:00\",\"dateModified\":\"2024-08-01T09:21:25+00:00\",\"breadcrumb\":{\"@id\":\"https:\\\/\\\/laboratoriodentaljordenta.com\\\/nosotros#breadcrumb\"},\"inLanguage\":\"ca\",\"potentialAction\":[{\"@type\":\"ReadAction\",\"target\":[\"https:\\\/\\\/laboratoriodentaljordenta.com\\\/nosotros\"]}]},{\"@type\":\"ImageObject\",\"inLanguage\":\"ca\",\"@id\":\"https:\\\/\\\/laboratoriodentaljordenta.com\\\/nosotros#primaryimage\",\"url\":\"https:\\\/\\\/laboratoriodentaljordenta.com\\\/wp-content\\\/uploads\\\/2024\\\/06\\\/hisotria-laboratorio-jpg.webp\",\"contentUrl\":\"https:\\\/\\\/laboratoriodentaljordenta.com\\\/wp-content\\\/uploads\\\/2024\\\/06\\\/hisotria-laboratorio-jpg.webp\"},{\"@type\":\"BreadcrumbList\",\"@id\":\"https:\\\/\\\/laboratoriodentaljordenta.com\\\/nosotros#breadcrumb\",\"itemListElement\":[{\"@type\":\"ListItem\",\"position\":1,\"name\":\"Portada\",\"item\":\"https:\\\/\\\/laboratoriodentaljordenta.com\\\/\"},{\"@type\":\"ListItem\",\"position\":2,\"name\":\"Nosotros\"}]},{\"@type\":\"WebSite\",\"@id\":\"https:\\\/\\\/laboratoriodentaljordenta.com\\\/#website\",\"url\":\"https:\\\/\\\/laboratoriodentaljordenta.com\\\/\",\"name\":\"Jordenta | Laboratorio Dental Protes&iacute;co en Barcelona\",\"description\":\"Laboratorio Dental Protes&iacute;co en Barcelona\",\"potentialAction\":[{\"@type\":\"SearchAction\",\"target\":{\"@type\":\"EntryPoint\",\"urlTemplate\":\"https:\\\/\\\/laboratoriodentaljordenta.com\\\/?s={search_term_string}\"},\"query-input\":{\"@type\":\"PropertyValueSpecification\",\"valueRequired\":true,\"valueName\":\"search_term_string\"}}],\"inLanguage\":\"ca\"}]}<\/script>\n<!-- \/ Yoast SEO plugin. -->","yoast_head_json":{"title":"Nosotros - Jordenta | Laboratorio Dental Protes&iacute;co en Barcelona","robots":{"index":"index","follow":"follow","max-snippet":"max-snippet:-1","max-image-preview":"max-image-preview:large","max-video-preview":"max-video-preview:-1"},"canonical":"https:\/\/laboratoriodentaljordenta.com\/cat\/nosotros\/","og_locale":"ca_ES","og_type":"article","og_title":"Nosotros - Jordenta | Laboratorio Dental Protes&iacute;co en Barcelona","og_description":"Laboratorio Dental Jordenta Laboratorio Dental Jordenta naci\u00f3 en Barcelona en septiembre de 1992. Desde nuestros inicios, nuestro objetivo ha sido siempre ofrecer el mejor servicio posible y mantener una relaci\u00f3n cercana con nuestros clientes. Inicialmente, nos especializamos en la fabricaci\u00f3n de pr\u00f3tesis removibles. Despu\u00e9s de m\u00e1s de 30 a\u00f1os de experiencia, nuestro laboratorio se ha [&hellip;]","og_url":"https:\/\/laboratoriodentaljordenta.com\/cat\/nosotros\/","og_site_name":"Jordenta | Laboratorio Dental Protes&iacute;co en Barcelona","article_modified_time":"2024-08-01T09:21:25+00:00","og_image":[{"url":"https:\/\/laboratoriodentaljordenta.com\/wp-content\/uploads\/2024\/06\/hisotria-laboratorio-jpg.webp","type":"","width":"","height":""}],"twitter_card":"summary_large_image","twitter_misc":{"Temps estimat de lectura":"3 minuts"},"schema":{"@context":"https:\/\/schema.org","@graph":[{"@type":"WebPage","@id":"https:\/\/laboratoriodentaljordenta.com\/nosotros","url":"https:\/\/laboratoriodentaljordenta.com\/nosotros","name":"Nosotros - Jordenta | Laboratorio Dental Protes&iacute;co en Barcelona","isPartOf":{"@id":"https:\/\/laboratoriodentaljordenta.com\/#website"},"primaryImageOfPage":{"@id":"https:\/\/laboratoriodentaljordenta.com\/nosotros#primaryimage"},"image":{"@id":"https:\/\/laboratoriodentaljordenta.com\/nosotros#primaryimage"},"thumbnailUrl":"https:\/\/laboratoriodentaljordenta.com\/wp-content\/uploads\/2024\/06\/hisotria-laboratorio-jpg.webp","datePublished":"2024-06-21T12:24:28+00:00","dateModified":"2024-08-01T09:21:25+00:00","breadcrumb":{"@id":"https:\/\/laboratoriodentaljordenta.com\/nosotros#breadcrumb"},"inLanguage":"ca","potentialAction":[{"@type":"ReadAction","target":["https:\/\/laboratoriodentaljordenta.com\/nosotros"]}]},{"@type":"ImageObject","inLanguage":"ca","@id":"https:\/\/laboratoriodentaljordenta.com\/nosotros#primaryimage","url":"https:\/\/laboratoriodentaljordenta.com\/wp-content\/uploads\/2024\/06\/hisotria-laboratorio-jpg.webp","contentUrl":"https:\/\/laboratoriodentaljordenta.com\/wp-content\/uploads\/2024\/06\/hisotria-laboratorio-jpg.webp"},{"@type":"BreadcrumbList","@id":"https:\/\/laboratoriodentaljordenta.com\/nosotros#breadcrumb","itemListElement":[{"@type":"ListItem","position":1,"name":"Portada","item":"https:\/\/laboratoriodentaljordenta.com\/"},{"@type":"ListItem","position":2,"name":"Nosotros"}]},{"@type":"WebSite","@id":"https:\/\/laboratoriodentaljordenta.com\/#website","url":"https:\/\/laboratoriodentaljordenta.com\/","name":"Jordenta | Laboratorio Dental Protes&iacute;co en Barcelona","description":"Laboratorio Dental Protes&iacute;co en Barcelona","potentialAction":[{"@type":"SearchAction","target":{"@type":"EntryPoint","urlTemplate":"https:\/\/laboratoriodentaljordenta.com\/?s={search_term_string}"},"query-input":{"@type":"PropertyValueSpecification","valueRequired":true,"valueName":"search_term_string"}}],"inLanguage":"ca"}]}},"_links":{"self":[{"href":"https:\/\/laboratoriodentaljordenta.com\/cat\/wp-json\/wp\/v2\/pages\/786","targetHints":{"allow":["GET"]}}],"collection":[{"href":"https:\/\/laboratoriodentaljordenta.com\/cat\/wp-json\/wp\/v2\/pages"}],"about":[{"href":"https:\/\/laboratoriodentaljordenta.com\/cat\/wp-json\/wp\/v2\/types\/page"}],"author":[{"embeddable":true,"href":"https:\/\/laboratoriodentaljordenta.com\/cat\/wp-json\/wp\/v2\/users\/1"}],"replies":[{"embeddable":true,"href":"https:\/\/laboratoriodentaljordenta.com\/cat\/wp-json\/wp\/v2\/comments?post=786"}],"version-history":[{"count":51,"href":"https:\/\/laboratoriodentaljordenta.com\/cat\/wp-json\/wp\/v2\/pages\/786\/revisions"}],"predecessor-version":[{"id":1162,"href":"https:\/\/laboratoriodentaljordenta.com\/cat\/wp-json\/wp\/v2\/pages\/786\/revisions\/1162"}],"wp:attachment":[{"href":"https:\/\/laboratoriodentaljordenta.com\/cat\/wp-json\/wp\/v2\/media?parent=786"}],"curies":[{"name":"wp","href":"https:\/\/api.w.org\/{rel}","templated":true}]}}