{"id":754,"date":"2024-06-20T17:48:33","date_gmt":"2024-06-20T17:48:33","guid":{"rendered":"https:\/\/laboratoriodentaljordenta.com\/?page_id=754"},"modified":"2024-06-20T17:48:33","modified_gmt":"2024-06-20T17:48:33","slug":"politica-de-privacidad","status":"publish","type":"page","link":"https:\/\/laboratoriodentaljordenta.com\/cat\/politica-de-privacidad","title":{"rendered":"Pol\u00edtica de Privacidad"},"content":{"rendered":"<p><\/p>\n\n\n\n<p>En Laboratorios Jordenta, nos comprometemos a proteger la privacidad de nuestros usuarios y clientes. Esta Pol\u00edtica de Privacidad describe c\u00f3mo recopilamos, usamos y protegemos su informaci\u00f3n personal. Al utilizar nuestro sitio web, usted acepta las pr\u00e1cticas descritas en esta pol\u00edtica.<\/p>\n\n\n\n<p><strong>Responsable del Tratamiento<\/strong><\/p>\n\n\n\n<ul class=\"wp-block-list\">\n<li><strong>Titular:<\/strong> Jorge Sors Ruzafa<\/li>\n\n\n\n<li><strong>N\u00famero de identificaci\u00f3n fiscal (CIF\/NIF):<\/strong> 38084731C<\/li>\n\n\n\n<li><strong>Domicilio:<\/strong> C\/ Industria, 68 Interior 1\u00aa, 08025 Barcelona, Espa\u00f1a<\/li>\n\n\n\n<li><strong>Correo electr\u00f3nico:<\/strong> <a>jordenta@gmail.com<\/a><\/li>\n<\/ul>\n\n\n\n<p><strong>Informaci\u00f3n que Recopilamos<\/strong><\/p>\n\n\n\n<p>Podemos recopilar y procesar la siguiente informaci\u00f3n personal:<\/p>\n\n\n\n<ul class=\"wp-block-list\">\n<li>Nombre y apellidos<\/li>\n\n\n\n<li>Direcci\u00f3n de correo electr\u00f3nico<\/li>\n\n\n\n<li>N\u00famero de tel\u00e9fono<\/li>\n\n\n\n<li>Direcci\u00f3n postal<\/li>\n\n\n\n<li>Informaci\u00f3n sobre el uso de nuestro sitio web<\/li>\n\n\n\n<li>Cualquier otra informaci\u00f3n que decida compartir con nosotros<\/li>\n<\/ul>\n\n\n\n<p><strong>Finalidad del Tratamiento<\/strong><\/p>\n\n\n\n<p>La informaci\u00f3n personal que recopilamos se utiliza para:<\/p>\n\n\n\n<ul class=\"wp-block-list\">\n<li>Proporcionar y gestionar nuestros servicios<\/li>\n\n\n\n<li>Procesar pedidos y enviar productos<\/li>\n\n\n\n<li>Responder a consultas y proporcionar soporte<\/li>\n\n\n\n<li>Enviar comunicaciones comerciales y promocionales (con su consentimiento)<\/li>\n\n\n\n<li>Mejorar nuestro sitio web y servicios<\/li>\n<\/ul>\n\n\n\n<p><strong>Legitimaci\u00f3n para el Tratamiento de sus Datos<\/strong><\/p>\n\n\n\n<p>El tratamiento de sus datos se basa en su consentimiento, la ejecuci\u00f3n de un contrato, el cumplimiento de una obligaci\u00f3n legal y\/o nuestro inter\u00e9s leg\u00edtimo en mantenerle informado sobre nuestros productos y servicios.<\/p>\n\n\n\n<p><strong>Compartici\u00f3n de su Informaci\u00f3n<\/strong><\/p>\n\n\n\n<p>Laboratorios Jordenta no compartir\u00e1 su informaci\u00f3n personal con terceros, excepto en los siguientes casos:<\/p>\n\n\n\n<ul class=\"wp-block-list\">\n<li>Para cumplir con una obligaci\u00f3n legal<\/li>\n\n\n\n<li>Para proteger y defender nuestros derechos y propiedad<\/li>\n\n\n\n<li>Con proveedores de servicios que nos ayudan a operar nuestro negocio (bajo acuerdos de confidencialidad)<\/li>\n<\/ul>\n\n\n\n<p><strong>Seguridad de sus Datos<\/strong><\/p>\n\n\n\n<p>Nos comprometemos a proteger su informaci\u00f3n personal. Hemos implementado medidas de seguridad t\u00e9cnicas y organizativas para prevenir el acceso no autorizado, alteraci\u00f3n, divulgaci\u00f3n o destrucci\u00f3n de su informaci\u00f3n personal.<\/p>\n\n\n\n<p><strong>Derechos del Usuario<\/strong><\/p>\n\n\n\n<p>Usted tiene derecho a:<\/p>\n\n\n\n<ul class=\"wp-block-list\">\n<li>Acceder a sus datos personales<\/li>\n\n\n\n<li>Rectificar datos inexactos o incompletos<\/li>\n\n\n\n<li>Solicitar la supresi\u00f3n de sus datos cuando ya no sean necesarios<\/li>\n\n\n\n<li>Oponerse al tratamiento de sus datos<\/li>\n\n\n\n<li>Solicitar la limitaci\u00f3n del tratamiento de sus datos en determinadas circunstancias<\/li>\n\n\n\n<li>Solicitar la portabilidad de sus datos<\/li>\n<\/ul>\n\n\n\n<p>Para ejercer estos derechos, puede ponerse en contacto con nosotros a trav\u00e9s de <a>jordenta@gmail.com<\/a>.<\/p>\n\n\n\n<p><strong>Conservaci\u00f3n de los Datos<\/strong><\/p>\n\n\n\n<p>Conservaremos su informaci\u00f3n personal durante el tiempo necesario para cumplir con los fines para los cuales se recopil\u00f3 y para cumplir con nuestras obligaciones legales.<\/p>\n\n\n\n<p><strong>Cambios en esta Pol\u00edtica de Privacidad<\/strong><\/p>\n\n\n\n<p>Laboratorios Jordenta se reserva el derecho a modificar esta Pol\u00edtica de Privacidad en cualquier momento. Cualquier cambio ser\u00e1 publicado en esta p\u00e1gina, por lo que le recomendamos revisarla peri\u00f3dicamente.<\/p>\n\n\n\n<p><strong>Contacte<\/strong><\/p>\n\n\n\n<p>Si tiene alguna pregunta o inquietud sobre nuestra Pol\u00edtica de Privacidad o sobre c\u00f3mo gestionamos su informaci\u00f3n personal, puede ponerse en contacto con nosotros a trav\u00e9s de:<\/p>\n\n\n\n<ul class=\"wp-block-list\">\n<li><strong>Correo electr\u00f3nico:<\/strong> <a>jordenta@gmail.com<\/a><\/li>\n\n\n\n<li><strong>Direcci\u00f3n postal:<\/strong> C\/ Industria, 68 Interior 1\u00aa, 08025 Barcelona, Espa\u00f1a<\/li>\n<\/ul>","protected":false},"excerpt":{"rendered":"<p>En Laboratorios Jordenta, nos comprometemos a proteger la privacidad de nuestros usuarios y clientes. Esta Pol\u00edtica de Privacidad describe c\u00f3mo recopilamos, usamos y protegemos su informaci\u00f3n personal. Al utilizar nuestro sitio web, usted acepta las pr\u00e1cticas descritas en esta pol\u00edtica. Responsable del Tratamiento Informaci\u00f3n que Recopilamos Podemos recopilar y procesar la siguiente informaci\u00f3n personal: Finalidad [&hellip;]<\/p>\n","protected":false},"author":1,"featured_media":0,"parent":0,"menu_order":0,"comment_status":"closed","ping_status":"closed","template":"","meta":{"footnotes":""},"class_list":["post-754","page","type-page","status-publish","hentry"],"yoast_head":"<!-- This site is optimized with the Yoast SEO plugin v27.4 - https:\/\/yoast.com\/product\/yoast-seo-wordpress\/ -->\n<title>Pol\u00edtica de Privacidad - Jordenta | Laboratorio Dental Protes&iacute;co en Barcelona<\/title>\n<meta name=\"robots\" content=\"index, follow, max-snippet:-1, max-image-preview:large, max-video-preview:-1\" \/>\n<link rel=\"canonical\" href=\"https:\/\/laboratoriodentaljordenta.com\/cat\/politica-de-privacidad\/\" \/>\n<meta property=\"og:locale\" content=\"ca_ES\" \/>\n<meta property=\"og:type\" content=\"article\" \/>\n<meta property=\"og:title\" content=\"Pol\u00edtica de Privacidad - Jordenta | Laboratorio Dental Protes&iacute;co en Barcelona\" \/>\n<meta property=\"og:description\" content=\"En Laboratorios Jordenta, nos comprometemos a proteger la privacidad de nuestros usuarios y clientes. Esta Pol\u00edtica de Privacidad describe c\u00f3mo recopilamos, usamos y protegemos su informaci\u00f3n personal. Al utilizar nuestro sitio web, usted acepta las pr\u00e1cticas descritas en esta pol\u00edtica. Responsable del Tratamiento Informaci\u00f3n que Recopilamos Podemos recopilar y procesar la siguiente informaci\u00f3n personal: Finalidad [&hellip;]\" \/>\n<meta property=\"og:url\" content=\"https:\/\/laboratoriodentaljordenta.com\/cat\/politica-de-privacidad\/\" \/>\n<meta property=\"og:site_name\" content=\"Jordenta | Laboratorio Dental Protes&iacute;co en Barcelona\" \/>\n<meta name=\"twitter:card\" content=\"summary_large_image\" \/>\n<meta name=\"twitter:label1\" content=\"Temps estimat de lectura\" \/>\n\t<meta name=\"twitter:data1\" content=\"2 minuts\" \/>\n<script type=\"application\/ld+json\" class=\"yoast-schema-graph\">{\"@context\":\"https:\\\/\\\/schema.org\",\"@graph\":[{\"@type\":\"WebPage\",\"@id\":\"https:\\\/\\\/laboratoriodentaljordenta.com\\\/politica-de-privacidad\",\"url\":\"https:\\\/\\\/laboratoriodentaljordenta.com\\\/politica-de-privacidad\",\"name\":\"Pol\u00edtica de Privacidad - Jordenta | Laboratorio Dental Protes&iacute;co en Barcelona\",\"isPartOf\":{\"@id\":\"https:\\\/\\\/laboratoriodentaljordenta.com\\\/#website\"},\"datePublished\":\"2024-06-20T17:48:33+00:00\",\"breadcrumb\":{\"@id\":\"https:\\\/\\\/laboratoriodentaljordenta.com\\\/politica-de-privacidad#breadcrumb\"},\"inLanguage\":\"ca\",\"potentialAction\":[{\"@type\":\"ReadAction\",\"target\":[\"https:\\\/\\\/laboratoriodentaljordenta.com\\\/politica-de-privacidad\"]}]},{\"@type\":\"BreadcrumbList\",\"@id\":\"https:\\\/\\\/laboratoriodentaljordenta.com\\\/politica-de-privacidad#breadcrumb\",\"itemListElement\":[{\"@type\":\"ListItem\",\"position\":1,\"name\":\"Portada\",\"item\":\"https:\\\/\\\/laboratoriodentaljordenta.com\\\/\"},{\"@type\":\"ListItem\",\"position\":2,\"name\":\"Pol\u00edtica de Privacidad\"}]},{\"@type\":\"WebSite\",\"@id\":\"https:\\\/\\\/laboratoriodentaljordenta.com\\\/#website\",\"url\":\"https:\\\/\\\/laboratoriodentaljordenta.com\\\/\",\"name\":\"Jordenta | Laboratorio Dental Protes&iacute;co en Barcelona\",\"description\":\"Laboratorio Dental Protes&iacute;co en Barcelona\",\"potentialAction\":[{\"@type\":\"SearchAction\",\"target\":{\"@type\":\"EntryPoint\",\"urlTemplate\":\"https:\\\/\\\/laboratoriodentaljordenta.com\\\/?s={search_term_string}\"},\"query-input\":{\"@type\":\"PropertyValueSpecification\",\"valueRequired\":true,\"valueName\":\"search_term_string\"}}],\"inLanguage\":\"ca\"}]}<\/script>\n<!-- \/ Yoast SEO plugin. -->","yoast_head_json":{"title":"Pol\u00edtica de Privacidad - Jordenta | Laboratorio Dental Protes&iacute;co en Barcelona","robots":{"index":"index","follow":"follow","max-snippet":"max-snippet:-1","max-image-preview":"max-image-preview:large","max-video-preview":"max-video-preview:-1"},"canonical":"https:\/\/laboratoriodentaljordenta.com\/cat\/politica-de-privacidad\/","og_locale":"ca_ES","og_type":"article","og_title":"Pol\u00edtica de Privacidad - Jordenta | Laboratorio Dental Protes&iacute;co en Barcelona","og_description":"En Laboratorios Jordenta, nos comprometemos a proteger la privacidad de nuestros usuarios y clientes. Esta Pol\u00edtica de Privacidad describe c\u00f3mo recopilamos, usamos y protegemos su informaci\u00f3n personal. Al utilizar nuestro sitio web, usted acepta las pr\u00e1cticas descritas en esta pol\u00edtica. Responsable del Tratamiento Informaci\u00f3n que Recopilamos Podemos recopilar y procesar la siguiente informaci\u00f3n personal: Finalidad [&hellip;]","og_url":"https:\/\/laboratoriodentaljordenta.com\/cat\/politica-de-privacidad\/","og_site_name":"Jordenta | Laboratorio Dental Protes&iacute;co en Barcelona","twitter_card":"summary_large_image","twitter_misc":{"Temps estimat de lectura":"2 minuts"},"schema":{"@context":"https:\/\/schema.org","@graph":[{"@type":"WebPage","@id":"https:\/\/laboratoriodentaljordenta.com\/politica-de-privacidad","url":"https:\/\/laboratoriodentaljordenta.com\/politica-de-privacidad","name":"Pol\u00edtica de Privacidad - Jordenta | Laboratorio Dental Protes&iacute;co en Barcelona","isPartOf":{"@id":"https:\/\/laboratoriodentaljordenta.com\/#website"},"datePublished":"2024-06-20T17:48:33+00:00","breadcrumb":{"@id":"https:\/\/laboratoriodentaljordenta.com\/politica-de-privacidad#breadcrumb"},"inLanguage":"ca","potentialAction":[{"@type":"ReadAction","target":["https:\/\/laboratoriodentaljordenta.com\/politica-de-privacidad"]}]},{"@type":"BreadcrumbList","@id":"https:\/\/laboratoriodentaljordenta.com\/politica-de-privacidad#breadcrumb","itemListElement":[{"@type":"ListItem","position":1,"name":"Portada","item":"https:\/\/laboratoriodentaljordenta.com\/"},{"@type":"ListItem","position":2,"name":"Pol\u00edtica de Privacidad"}]},{"@type":"WebSite","@id":"https:\/\/laboratoriodentaljordenta.com\/#website","url":"https:\/\/laboratoriodentaljordenta.com\/","name":"Jordenta | Laboratorio Dental Protes&iacute;co en Barcelona","description":"Laboratorio Dental Protes&iacute;co en Barcelona","potentialAction":[{"@type":"SearchAction","target":{"@type":"EntryPoint","urlTemplate":"https:\/\/laboratoriodentaljordenta.com\/?s={search_term_string}"},"query-input":{"@type":"PropertyValueSpecification","valueRequired":true,"valueName":"search_term_string"}}],"inLanguage":"ca"}]}},"_links":{"self":[{"href":"https:\/\/laboratoriodentaljordenta.com\/cat\/wp-json\/wp\/v2\/pages\/754","targetHints":{"allow":["GET"]}}],"collection":[{"href":"https:\/\/laboratoriodentaljordenta.com\/cat\/wp-json\/wp\/v2\/pages"}],"about":[{"href":"https:\/\/laboratoriodentaljordenta.com\/cat\/wp-json\/wp\/v2\/types\/page"}],"author":[{"embeddable":true,"href":"https:\/\/laboratoriodentaljordenta.com\/cat\/wp-json\/wp\/v2\/users\/1"}],"replies":[{"embeddable":true,"href":"https:\/\/laboratoriodentaljordenta.com\/cat\/wp-json\/wp\/v2\/comments?post=754"}],"version-history":[{"count":1,"href":"https:\/\/laboratoriodentaljordenta.com\/cat\/wp-json\/wp\/v2\/pages\/754\/revisions"}],"predecessor-version":[{"id":755,"href":"https:\/\/laboratoriodentaljordenta.com\/cat\/wp-json\/wp\/v2\/pages\/754\/revisions\/755"}],"wp:attachment":[{"href":"https:\/\/laboratoriodentaljordenta.com\/cat\/wp-json\/wp\/v2\/media?parent=754"}],"curies":[{"name":"wp","href":"https:\/\/api.w.org\/{rel}","templated":true}]}}