{"id":750,"date":"2024-06-20T17:44:25","date_gmt":"2024-06-20T17:44:25","guid":{"rendered":"https:\/\/laboratoriodentaljordenta.com\/?page_id=750"},"modified":"2024-06-20T17:44:25","modified_gmt":"2024-06-20T17:44:25","slug":"aviso-legal","status":"publish","type":"page","link":"https:\/\/laboratoriodentaljordenta.com\/cat\/aviso-legal","title":{"rendered":"Aviso Legal"},"content":{"rendered":"\n<p><strong>Titularidad del Sitio Web<\/strong><\/p>\n\n\n\n<p>En cumplimiento con el deber de informaci\u00f3n recogido en el art\u00edculo 10 de la Ley 34\/2002, de 11 de julio, de Servicios de la Sociedad de la Informaci\u00f3n y del Comercio Electr\u00f3nico, a continuaci\u00f3n se reflejan los siguientes datos:<\/p>\n\n\n\n<ul class=\"wp-block-list\">\n<li>Titular: Jorge Sors Ruzafa<\/li>\n\n\n\n<li>N\u00famero de identificaci\u00f3n fiscal (CIF\/NIF): 38084731C<\/li>\n\n\n\n<li>Domicilio: C\/ Industria, 68 Interior 1\u00aa, 08025 Barcelona, Espa\u00f1a<\/li>\n\n\n\n<li>Correo electr\u00f3nico: <a>jordenta@gmail.com<\/a><\/li>\n<\/ul>\n\n\n\n<p><strong>Condiciones de Uso<\/strong><\/p>\n\n\n\n<p>El acceso y\/o uso de este portal atribuye la condici\u00f3n de USUARIO, que acepta, desde dicho acceso y\/o uso, las Condiciones Generales de Uso aqu\u00ed reflejadas. Las citadas condiciones ser\u00e1n de aplicaci\u00f3n independientemente de las Condiciones Generales de Contrataci\u00f3n que en su caso resulten de obligado cumplimiento.<\/p>\n\n\n\n<p><strong>Uso del Sitio Web<\/strong><\/p>\n\n\n\n<p>[Nombre del Laboratorio Dental] proporciona el acceso a multitud de informaciones, servicios, programas o datos (en adelante, \u00ablos contenidos\u00bb) en Internet pertenecientes a DENTAL o a sus licenciantes a los que el USUARIO pueda tener acceso. El USUARIO asume la responsabilidad del uso del portal.<\/p>\n\n\n\n<p><strong>Protecci\u00f3n de Datos<\/strong><\/p>\n\n\n\n<p>[Nombre del Laboratorio Dental] cumple con las directrices de la normativa vigente en materia de protecci\u00f3n de datos personales, y garantiza un uso y tratamiento adecuados de los datos personales del usuario. Para ello, junto a cada formulario de recabo de datos de car\u00e1cter personal, en los servicios que el usuario pueda solicitar a <a>jordenta@gmail.com<\/a>, har\u00e1 saber al usuario de la existencia y aceptaci\u00f3n de las condiciones particulares del tratamiento de sus datos en cada caso, inform\u00e1ndole de la responsabilidad del fichero creado, la direcci\u00f3n del responsable, la posibilidad de ejercer sus derechos de acceso, rectificaci\u00f3n, cancelaci\u00f3n u oposici\u00f3n, la finalidad del tratamiento y las comunicaciones de datos a terceros en su caso.<\/p>\n\n\n\n<p><strong>Propiedad Intelectual e Industrial<\/strong><\/p>\n\n\n\n<p>[Nombre del Laboratorio Dental] por s\u00ed o como cesionaria, es titular de todos los derechos de propiedad intelectual e industrial de su p\u00e1gina web, as\u00ed como de los elementos contenidos en la misma (a t\u00edtulo enunciativo, im\u00e1genes, sonido, audio, v\u00eddeo, software o textos; marcas o logotipos, combinaciones de colores, estructura y dise\u00f1o, selecci\u00f3n de materiales usados, programas de ordenador necesarios para su funcionamiento, acceso y uso, etc.), titularidad de [Nombre del Laboratorio Dental] o bien de sus licenciantes.<\/p>\n\n\n\n<p><strong>Exclusi\u00f3n de Garant\u00edas y Responsabilidad<\/strong><\/p>\n\n\n\n<p>DENTAL no se hace responsable, en ning\u00fan caso, de los da\u00f1os y perjuicios de cualquier naturaleza que pudieran ocasionar, a t\u00edtulo enunciativo: errores u omisiones en los contenidos, falta de disponibilidad del portal o la transmisi\u00f3n de virus o programas maliciosos o lesivos en los contenidos, a pesar de haber adoptado todas las medidas tecnol\u00f3gicas necesarias para evitarlo.<\/p>\n\n\n\n<p><strong>Modificaciones<\/strong><\/p>\n\n\n\n<p>DENTAL se reserva el derecho de efectuar sin previo aviso las modificaciones que considere oportunas en su portal, pudiendo cambiar, suprimir o a\u00f1adir tanto los contenidos y servicios que se presten a trav\u00e9s de la misma como la forma en la que \u00e9stos aparezcan presentados o localizados en su portal.<\/p>\n\n\n\n<p><strong>Enlaces<\/strong><\/p>\n\n\n\n<p>En el caso de que en nombre del dominio se dispusiesen enlaces o hiperv\u00ednculos hac\u00eda otros sitios de Internet, no ejercer\u00e1 ning\u00fan tipo de control sobre dichos sitios y contenidos. En ning\u00fan caso asumir\u00e1 responsabilidad alguna por los contenidos de alg\u00fan enlace perteneciente a un sitio web ajeno.<\/p>\n\n\n\n<p><strong>Derecho de Exclusi\u00f3n<\/strong><\/p>\n\n\n\n<p>[Nombre del Laboratorio Dental] se reserva el derecho a denegar o retirar el acceso a portal y\/o los servicios ofrecidos sin necesidad de preaviso, a instancia propia o de un tercero, a aquellos usuarios que incumplan las presentes Condiciones Generales de Uso.<\/p>\n\n\n\n<p><strong>Generalidades<\/strong><\/p>\n\n\n\n<p>[Nombre del Laboratorio Dental] perseguir\u00e1 el incumplimiento de las presentes condiciones as\u00ed como cualquier utilizaci\u00f3n indebida de su portal ejerciendo todas las acciones civiles y penales que le puedan corresponder en derecho.<\/p>\n\n\n\n<p><strong>Modificaci\u00f3n de las Presentes Condiciones y Duraci\u00f3n<\/strong><\/p>\n\n\n\n<p>[Nombre del Laboratorio Dental] podr\u00e1 modificar en cualquier momento las condiciones aqu\u00ed determinadas, siendo debidamente publicadas como aqu\u00ed aparecen. La vigencia de las citadas condiciones ir\u00e1 en funci\u00f3n de su exposici\u00f3n y estar\u00e1n vigentes hasta que sean modificadas por otras debidamente publicadas.<\/p>\n\n\n\n<p><strong>Legislaci\u00f3n Aplicable y Jurisdicci\u00f3n<\/strong><\/p>\n\n\n\n<p>La relaci\u00f3n entre dental y el USUARIO se regir\u00e1 por la normativa espa\u00f1ola vigente y cualquier controversia se someter\u00e1 a los Juzgados y tribunales de la ciudad de Barcelona.<\/p>\n","protected":false},"excerpt":{"rendered":"<p>Titularidad del Sitio Web En cumplimiento con el deber de informaci\u00f3n recogido en el art\u00edculo 10 de la Ley 34\/2002, de 11 de julio, de Servicios de la Sociedad de la Informaci\u00f3n y del Comercio Electr\u00f3nico, a continuaci\u00f3n se reflejan los siguientes datos: Condiciones de Uso El acceso y\/o uso de este portal atribuye la [&hellip;]<\/p>\n","protected":false},"author":1,"featured_media":0,"parent":0,"menu_order":0,"comment_status":"closed","ping_status":"closed","template":"","meta":{"footnotes":""},"class_list":["post-750","page","type-page","status-publish","hentry"],"yoast_head":"<!-- This site is optimized with the Yoast SEO plugin v27.4 - https:\/\/yoast.com\/product\/yoast-seo-wordpress\/ -->\n<title>Aviso Legal - Jordenta | Laboratorio Dental Protes&iacute;co en Barcelona<\/title>\n<meta name=\"robots\" content=\"index, follow, max-snippet:-1, max-image-preview:large, max-video-preview:-1\" \/>\n<link rel=\"canonical\" href=\"https:\/\/laboratoriodentaljordenta.com\/cat\/aviso-legal\/\" \/>\n<meta property=\"og:locale\" content=\"ca_ES\" \/>\n<meta property=\"og:type\" content=\"article\" \/>\n<meta property=\"og:title\" content=\"Aviso Legal - Jordenta | Laboratorio Dental Protes&iacute;co en Barcelona\" \/>\n<meta property=\"og:description\" content=\"Titularidad del Sitio Web En cumplimiento con el deber de informaci\u00f3n recogido en el art\u00edculo 10 de la Ley 34\/2002, de 11 de julio, de Servicios de la Sociedad de la Informaci\u00f3n y del Comercio Electr\u00f3nico, a continuaci\u00f3n se reflejan los siguientes datos: Condiciones de Uso El acceso y\/o uso de este portal atribuye la [&hellip;]\" \/>\n<meta property=\"og:url\" content=\"https:\/\/laboratoriodentaljordenta.com\/cat\/aviso-legal\/\" \/>\n<meta property=\"og:site_name\" content=\"Jordenta | Laboratorio Dental Protes&iacute;co en Barcelona\" \/>\n<meta name=\"twitter:card\" content=\"summary_large_image\" \/>\n<meta name=\"twitter:label1\" content=\"Temps estimat de lectura\" \/>\n\t<meta name=\"twitter:data1\" content=\"4 minuts\" \/>\n<script type=\"application\/ld+json\" class=\"yoast-schema-graph\">{\"@context\":\"https:\\\/\\\/schema.org\",\"@graph\":[{\"@type\":\"WebPage\",\"@id\":\"https:\\\/\\\/laboratoriodentaljordenta.com\\\/aviso-legal\",\"url\":\"https:\\\/\\\/laboratoriodentaljordenta.com\\\/aviso-legal\",\"name\":\"Aviso Legal - Jordenta | Laboratorio Dental Protes&iacute;co en Barcelona\",\"isPartOf\":{\"@id\":\"https:\\\/\\\/laboratoriodentaljordenta.com\\\/#website\"},\"datePublished\":\"2024-06-20T17:44:25+00:00\",\"breadcrumb\":{\"@id\":\"https:\\\/\\\/laboratoriodentaljordenta.com\\\/aviso-legal#breadcrumb\"},\"inLanguage\":\"ca\",\"potentialAction\":[{\"@type\":\"ReadAction\",\"target\":[\"https:\\\/\\\/laboratoriodentaljordenta.com\\\/aviso-legal\"]}]},{\"@type\":\"BreadcrumbList\",\"@id\":\"https:\\\/\\\/laboratoriodentaljordenta.com\\\/aviso-legal#breadcrumb\",\"itemListElement\":[{\"@type\":\"ListItem\",\"position\":1,\"name\":\"Portada\",\"item\":\"https:\\\/\\\/laboratoriodentaljordenta.com\\\/\"},{\"@type\":\"ListItem\",\"position\":2,\"name\":\"Aviso Legal\"}]},{\"@type\":\"WebSite\",\"@id\":\"https:\\\/\\\/laboratoriodentaljordenta.com\\\/#website\",\"url\":\"https:\\\/\\\/laboratoriodentaljordenta.com\\\/\",\"name\":\"Jordenta | Laboratorio Dental Protes&iacute;co en Barcelona\",\"description\":\"Laboratorio Dental Protes&iacute;co en Barcelona\",\"potentialAction\":[{\"@type\":\"SearchAction\",\"target\":{\"@type\":\"EntryPoint\",\"urlTemplate\":\"https:\\\/\\\/laboratoriodentaljordenta.com\\\/?s={search_term_string}\"},\"query-input\":{\"@type\":\"PropertyValueSpecification\",\"valueRequired\":true,\"valueName\":\"search_term_string\"}}],\"inLanguage\":\"ca\"}]}<\/script>\n<!-- \/ Yoast SEO plugin. -->","yoast_head_json":{"title":"Aviso Legal - Jordenta | Laboratorio Dental Protes&iacute;co en Barcelona","robots":{"index":"index","follow":"follow","max-snippet":"max-snippet:-1","max-image-preview":"max-image-preview:large","max-video-preview":"max-video-preview:-1"},"canonical":"https:\/\/laboratoriodentaljordenta.com\/cat\/aviso-legal\/","og_locale":"ca_ES","og_type":"article","og_title":"Aviso Legal - Jordenta | Laboratorio Dental Protes&iacute;co en Barcelona","og_description":"Titularidad del Sitio Web En cumplimiento con el deber de informaci\u00f3n recogido en el art\u00edculo 10 de la Ley 34\/2002, de 11 de julio, de Servicios de la Sociedad de la Informaci\u00f3n y del Comercio Electr\u00f3nico, a continuaci\u00f3n se reflejan los siguientes datos: Condiciones de Uso El acceso y\/o uso de este portal atribuye la [&hellip;]","og_url":"https:\/\/laboratoriodentaljordenta.com\/cat\/aviso-legal\/","og_site_name":"Jordenta | Laboratorio Dental Protes&iacute;co en Barcelona","twitter_card":"summary_large_image","twitter_misc":{"Temps estimat de lectura":"4 minuts"},"schema":{"@context":"https:\/\/schema.org","@graph":[{"@type":"WebPage","@id":"https:\/\/laboratoriodentaljordenta.com\/aviso-legal","url":"https:\/\/laboratoriodentaljordenta.com\/aviso-legal","name":"Aviso Legal - Jordenta | Laboratorio Dental Protes&iacute;co en Barcelona","isPartOf":{"@id":"https:\/\/laboratoriodentaljordenta.com\/#website"},"datePublished":"2024-06-20T17:44:25+00:00","breadcrumb":{"@id":"https:\/\/laboratoriodentaljordenta.com\/aviso-legal#breadcrumb"},"inLanguage":"ca","potentialAction":[{"@type":"ReadAction","target":["https:\/\/laboratoriodentaljordenta.com\/aviso-legal"]}]},{"@type":"BreadcrumbList","@id":"https:\/\/laboratoriodentaljordenta.com\/aviso-legal#breadcrumb","itemListElement":[{"@type":"ListItem","position":1,"name":"Portada","item":"https:\/\/laboratoriodentaljordenta.com\/"},{"@type":"ListItem","position":2,"name":"Aviso Legal"}]},{"@type":"WebSite","@id":"https:\/\/laboratoriodentaljordenta.com\/#website","url":"https:\/\/laboratoriodentaljordenta.com\/","name":"Jordenta | Laboratorio Dental Protes&iacute;co en Barcelona","description":"Laboratorio Dental Protes&iacute;co en Barcelona","potentialAction":[{"@type":"SearchAction","target":{"@type":"EntryPoint","urlTemplate":"https:\/\/laboratoriodentaljordenta.com\/?s={search_term_string}"},"query-input":{"@type":"PropertyValueSpecification","valueRequired":true,"valueName":"search_term_string"}}],"inLanguage":"ca"}]}},"_links":{"self":[{"href":"https:\/\/laboratoriodentaljordenta.com\/cat\/wp-json\/wp\/v2\/pages\/750","targetHints":{"allow":["GET"]}}],"collection":[{"href":"https:\/\/laboratoriodentaljordenta.com\/cat\/wp-json\/wp\/v2\/pages"}],"about":[{"href":"https:\/\/laboratoriodentaljordenta.com\/cat\/wp-json\/wp\/v2\/types\/page"}],"author":[{"embeddable":true,"href":"https:\/\/laboratoriodentaljordenta.com\/cat\/wp-json\/wp\/v2\/users\/1"}],"replies":[{"embeddable":true,"href":"https:\/\/laboratoriodentaljordenta.com\/cat\/wp-json\/wp\/v2\/comments?post=750"}],"version-history":[{"count":1,"href":"https:\/\/laboratoriodentaljordenta.com\/cat\/wp-json\/wp\/v2\/pages\/750\/revisions"}],"predecessor-version":[{"id":751,"href":"https:\/\/laboratoriodentaljordenta.com\/cat\/wp-json\/wp\/v2\/pages\/750\/revisions\/751"}],"wp:attachment":[{"href":"https:\/\/laboratoriodentaljordenta.com\/cat\/wp-json\/wp\/v2\/media?parent=750"}],"curies":[{"name":"wp","href":"https:\/\/api.w.org\/{rel}","templated":true}]}}