{"id":178,"date":"2024-06-20T10:02:54","date_gmt":"2024-06-20T10:02:54","guid":{"rendered":"https:\/\/laboratoriodentaljordenta.com\/?page_id=178"},"modified":"2025-02-21T09:24:11","modified_gmt":"2025-02-21T09:24:11","slug":"contacto","status":"publish","type":"page","link":"https:\/\/laboratoriodentaljordenta.com\/cat\/contacto","title":{"rendered":"Contacte"},"content":{"rendered":"\t\t<div data-elementor-type=\"wp-page\" data-elementor-id=\"178\" class=\"elementor elementor-178\" data-elementor-post-type=\"page\">\n\t\t\t\t\t\t<section class=\"elementor-section elementor-top-section elementor-element elementor-element-454dad5e elementor-section-boxed elementor-section-height-default elementor-section-height-default elementor-invisible\" data-id=\"454dad5e\" data-element_type=\"section\" data-e-type=\"section\" data-settings=\"{&quot;background_background&quot;:&quot;classic&quot;,&quot;animation&quot;:&quot;fadeIn&quot;}\">\n\t\t\t\t\t\t\t<div class=\"elementor-background-overlay\"><\/div>\n\t\t\t\t\t\t\t<div class=\"elementor-container elementor-column-gap-default\">\n\t\t\t\t\t<div class=\"elementor-column elementor-col-100 elementor-top-column elementor-element elementor-element-3a9e1253\" data-id=\"3a9e1253\" data-element_type=\"column\" data-e-type=\"column\">\n\t\t\t<div class=\"elementor-widget-wrap elementor-element-populated\">\n\t\t\t\t\t\t<div class=\"elementor-element elementor-element-2c404223 elementor-widget elementor-widget-qi_addons_for_elementor_animated_text\" data-id=\"2c404223\" data-element_type=\"widget\" data-e-type=\"widget\" data-widget_type=\"qi_addons_for_elementor_animated_text.default\">\n\t\t\t\t<div class=\"elementor-widget-container\">\n\t\t\t\t\t<div class=\"qodef-shortcode qodef-m qodef-qi-animated-text qodef--animated-by-word qodef--alignment-center qodef-qi--has-appear qodef--appear-from-bottom\" >\n\t\t<h2 class=\"qodef-m-title\">\n\t\t<span class=\"qodef-e-word\">Contacto<\/span>\t<\/h2>\n<\/div>\n\t\t\t\t<\/div>\n\t\t\t\t<\/div>\n\t\t\t\t\t<\/div>\n\t\t<\/div>\n\t\t\t\t\t<\/div>\n\t\t<\/section>\n\t\t\t\t<section class=\"elementor-section elementor-top-section elementor-element elementor-element-2682fdc8 elementor-reverse-mobile elementor-section-boxed elementor-section-height-default elementor-section-height-default\" data-id=\"2682fdc8\" data-element_type=\"section\" data-e-type=\"section\" data-settings=\"{&quot;background_background&quot;:&quot;classic&quot;}\">\n\t\t\t\t\t\t<div class=\"elementor-container elementor-column-gap-default\">\n\t\t\t\t\t<div class=\"elementor-column elementor-col-100 elementor-top-column elementor-element elementor-element-3aeaf9c\" data-id=\"3aeaf9c\" data-element_type=\"column\" data-e-type=\"column\">\n\t\t\t<div class=\"elementor-widget-wrap elementor-element-populated\">\n\t\t\t\t\t\t<div class=\"elementor-element elementor-element-13024f91 elementor-widget elementor-widget-qi_addons_for_elementor_animated_text\" data-id=\"13024f91\" data-element_type=\"widget\" data-e-type=\"widget\" data-widget_type=\"qi_addons_for_elementor_animated_text.default\">\n\t\t\t\t<div class=\"elementor-widget-container\">\n\t\t\t\t\t<div class=\"qodef-shortcode qodef-m qodef-qi-animated-text qodef--animated-by-word qodef--alignment-left qodef-qi--has-appear qodef--appear-from-bottom\" >\n\t\t<h2 class=\"qodef-m-title\">\n\t\t<span class=\"qodef-e-word\">Contacta<\/span> <span class=\"qodef-e-word\">con<\/span> <span class=\"qodef-e-word\">Nosotros<\/span>\t<\/h2>\n<\/div>\n\t\t\t\t<\/div>\n\t\t\t\t<\/div>\n\t\t\t\t<div class=\"elementor-element elementor-element-3d58a0a2 elementor-invisible elementor-widget elementor-widget-text-editor\" data-id=\"3d58a0a2\" data-element_type=\"widget\" data-e-type=\"widget\" data-settings=\"{&quot;_animation&quot;:&quot;fadeIn&quot;}\" data-widget_type=\"text-editor.default\">\n\t\t\t\t<div class=\"elementor-widget-container\">\n\t\t\t\t\t\t\t\t\t<div class=\"flex flex-grow flex-col max-w-full\"><div class=\"min-h-[20px] text-message flex flex-col items-start whitespace-pre-wrap break-words [.text-message+&amp;]:mt-5 juice:w-full juice:items-end overflow-x-auto gap-2\" dir=\"auto\" data-message-author-role=\"assistant\" data-message-id=\"408a07a5-caa4-4b8d-b2af-c4e49471010f\"><div class=\"flex w-full flex-col gap-1 juice:empty:hidden juice:first:pt-[3px]\"><div class=\"markdown prose w-full break-words dark:prose-invert dark\"><p>Estamos aqu\u00ed para ayudarte. Cont\u00e1ctanos hoy mismo y descubre c\u00f3mo Laboratorios Jordenta puede colaborar contigo para proporcionar las mejores soluciones dentales a tus pacientes. \u00a1Esperamos saber de ti pronto!<\/p><\/div><\/div><\/div><\/div>\t\t\t\t\t\t\t\t<\/div>\n\t\t\t\t<\/div>\n\t\t\t\t<div class=\"elementor-element elementor-element-50fae2f1 elementor-invisible elementor-widget elementor-widget-heading\" data-id=\"50fae2f1\" data-element_type=\"widget\" data-e-type=\"widget\" data-settings=\"{&quot;_animation&quot;:&quot;fadeIn&quot;}\" data-widget_type=\"heading.default\">\n\t\t\t\t<div class=\"elementor-widget-container\">\n\t\t\t\t\t<h6 class=\"elementor-heading-title elementor-size-default\">DIRECCI\u00d3N<\/h6>\t\t\t\t<\/div>\n\t\t\t\t<\/div>\n\t\t\t\t<div class=\"elementor-element elementor-element-ae1b342 elementor-invisible elementor-widget elementor-widget-text-editor\" data-id=\"ae1b342\" data-element_type=\"widget\" data-e-type=\"widget\" data-settings=\"{&quot;_animation&quot;:&quot;fadeIn&quot;}\" data-widget_type=\"text-editor.default\">\n\t\t\t\t<div class=\"elementor-widget-container\">\n\t\t\t\t\t\t\t\t\t<p>C\/ Rossell\u00f3, 372 1\u00ba3\u00aa 08025-Barcelona<\/p>\t\t\t\t\t\t\t\t<\/div>\n\t\t\t\t<\/div>\n\t\t\t\t<div class=\"elementor-element elementor-element-f3c8801 elementor-invisible elementor-widget elementor-widget-heading\" data-id=\"f3c8801\" data-element_type=\"widget\" data-e-type=\"widget\" data-settings=\"{&quot;_animation&quot;:&quot;fadeIn&quot;}\" data-widget_type=\"heading.default\">\n\t\t\t\t<div class=\"elementor-widget-container\">\n\t\t\t\t\t<h6 class=\"elementor-heading-title elementor-size-default\">INFORMACI\u00d3N DE CONTACTO<\/h6>\t\t\t\t<\/div>\n\t\t\t\t<\/div>\n\t\t\t\t<div class=\"elementor-element elementor-element-61c3e210 elementor-align-start elementor-widget__width-initial elementor-icon-list--layout-traditional elementor-list-item-link-full_width elementor-invisible elementor-widget elementor-widget-icon-list\" data-id=\"61c3e210\" data-element_type=\"widget\" data-e-type=\"widget\" data-settings=\"{&quot;_animation&quot;:&quot;fadeInUp&quot;}\" data-widget_type=\"icon-list.default\">\n\t\t\t\t<div class=\"elementor-widget-container\">\n\t\t\t\t\t\t\t<ul class=\"elementor-icon-list-items\">\n\t\t\t\t\t\t\t<li class=\"elementor-icon-list-item\">\n\t\t\t\t\t\t\t\t\t\t\t<a href=\"\">\n\n\t\t\t\t\t\t\t\t\t\t\t\t<span class=\"elementor-icon-list-icon\">\n\t\t\t\t\t\t\t<i aria-hidden=\"true\" class=\"icon icon-envelope2\"><\/i>\t\t\t\t\t\t<\/span>\n\t\t\t\t\t\t\t\t\t\t<span class=\"elementor-icon-list-text\">info@laboratoriodentaljordenta.com<\/span>\n\t\t\t\t\t\t\t\t\t\t\t<\/a>\n\t\t\t\t\t\t\t\t\t<\/li>\n\t\t\t\t\t\t\t\t<li class=\"elementor-icon-list-item\">\n\t\t\t\t\t\t\t\t\t\t\t<a href=\"#\">\n\n\t\t\t\t\t\t\t\t\t\t\t\t<span class=\"elementor-icon-list-icon\">\n\t\t\t\t\t\t\t<i aria-hidden=\"true\" class=\"icon icon-phone1\"><\/i>\t\t\t\t\t\t<\/span>\n\t\t\t\t\t\t\t\t\t\t<span class=\"elementor-icon-list-text\">93 436 46 33 \/ 639 09 65 10<\/span>\n\t\t\t\t\t\t\t\t\t\t\t<\/a>\n\t\t\t\t\t\t\t\t\t<\/li>\n\t\t\t\t\t\t<\/ul>\n\t\t\t\t\t\t<\/div>\n\t\t\t\t<\/div>\n\t\t\t\t\t<\/div>\n\t\t<\/div>\n\t\t\t\t\t<\/div>\n\t\t<\/section>\n\t\t<div class=\"elementor-element elementor-element-35a78be e-flex e-con-boxed e-con e-parent\" data-id=\"35a78be\" data-element_type=\"container\" data-e-type=\"container\">\n\t\t\t\t\t<div class=\"e-con-inner\">\n\t\t\t\t<div class=\"elementor-element elementor-element-77ba645 elementor-widget elementor-widget-google_maps\" data-id=\"77ba645\" data-element_type=\"widget\" data-e-type=\"widget\" data-widget_type=\"google_maps.default\">\n\t\t\t\t<div class=\"elementor-widget-container\">\n\t\t\t\t\t\t\t<div class=\"elementor-custom-embed\">\n\t\t\t<iframe loading=\"lazy\"\n\t\t\t\t\tsrc=\"https:\/\/maps.google.com\/maps?q=LABORATORIO%20DENTAL%20JORDENTA&#038;t=m&#038;z=16&#038;output=embed&#038;iwloc=near\"\n\t\t\t\t\ttitle=\"LABORATORIO DENTAL JORDENTA\"\n\t\t\t\t\taria-label=\"LABORATORIO DENTAL JORDENTA\"\n\t\t\t><\/iframe>\n\t\t<\/div>\n\t\t\t\t\t\t<\/div>\n\t\t\t\t<\/div>\n\t\t\t\t\t<\/div>\n\t\t\t\t<\/div>\n\t\t\t\t<\/div>\n\t\t","protected":false},"excerpt":{"rendered":"<p>Contacto Contacta con Nosotros Estamos aqu\u00ed para ayudarte. Cont\u00e1ctanos hoy mismo y descubre c\u00f3mo Laboratorios Jordenta puede colaborar contigo para proporcionar las mejores soluciones dentales a tus pacientes. \u00a1Esperamos saber de ti pronto! DIRECCI\u00d3N C\/ Rossell\u00f3, 372 1\u00ba3\u00aa 08025-Barcelona INFORMACI\u00d3N DE CONTACTO info@laboratoriodentaljordenta.com 93 436 46 33 \/ 639 09 65 10<\/p>","protected":false},"author":1,"featured_media":0,"parent":0,"menu_order":0,"comment_status":"closed","ping_status":"closed","template":"elementor_header_footer","meta":{"footnotes":""},"class_list":["post-178","page","type-page","status-publish","hentry"],"yoast_head":"<!-- This site is optimized with the Yoast SEO plugin v27.4 - https:\/\/yoast.com\/product\/yoast-seo-wordpress\/ -->\n<title>Contacto - Jordenta | Laboratorio Dental Protes&iacute;co en Barcelona<\/title>\n<meta name=\"robots\" content=\"index, follow, max-snippet:-1, max-image-preview:large, max-video-preview:-1\" \/>\n<link rel=\"canonical\" href=\"https:\/\/laboratoriodentaljordenta.com\/cat\/contacto\/\" \/>\n<meta property=\"og:locale\" content=\"ca_ES\" \/>\n<meta property=\"og:type\" content=\"article\" \/>\n<meta property=\"og:title\" content=\"Contacto - Jordenta | Laboratorio Dental Protes&iacute;co en Barcelona\" \/>\n<meta property=\"og:description\" content=\"Contacto Contacta con Nosotros Estamos aqu\u00ed para ayudarte. Cont\u00e1ctanos hoy mismo y descubre c\u00f3mo Laboratorios Jordenta puede colaborar contigo para proporcionar las mejores soluciones dentales a tus pacientes. \u00a1Esperamos saber de ti pronto! DIRECCI\u00d3N C\/ Rossell\u00f3, 372 1\u00ba3\u00aa 08025-Barcelona INFORMACI\u00d3N DE CONTACTO info@laboratoriodentaljordenta.com 93 436 46 33 \/ 639 09 65 10\" \/>\n<meta property=\"og:url\" content=\"https:\/\/laboratoriodentaljordenta.com\/cat\/contacto\/\" \/>\n<meta property=\"og:site_name\" content=\"Jordenta | Laboratorio Dental Protes&iacute;co en Barcelona\" \/>\n<meta property=\"article:modified_time\" content=\"2025-02-21T09:24:11+00:00\" \/>\n<meta name=\"twitter:card\" content=\"summary_large_image\" \/>\n<meta name=\"twitter:label1\" content=\"Temps estimat de lectura\" \/>\n\t<meta name=\"twitter:data1\" content=\"1 minut\" \/>\n<script type=\"application\/ld+json\" class=\"yoast-schema-graph\">{\"@context\":\"https:\\\/\\\/schema.org\",\"@graph\":[{\"@type\":\"WebPage\",\"@id\":\"https:\\\/\\\/laboratoriodentaljordenta.com\\\/contacto\",\"url\":\"https:\\\/\\\/laboratoriodentaljordenta.com\\\/contacto\",\"name\":\"Contacto - Jordenta | Laboratorio Dental Protes&iacute;co en Barcelona\",\"isPartOf\":{\"@id\":\"https:\\\/\\\/laboratoriodentaljordenta.com\\\/#website\"},\"datePublished\":\"2024-06-20T10:02:54+00:00\",\"dateModified\":\"2025-02-21T09:24:11+00:00\",\"breadcrumb\":{\"@id\":\"https:\\\/\\\/laboratoriodentaljordenta.com\\\/contacto#breadcrumb\"},\"inLanguage\":\"ca\",\"potentialAction\":[{\"@type\":\"ReadAction\",\"target\":[\"https:\\\/\\\/laboratoriodentaljordenta.com\\\/contacto\"]}]},{\"@type\":\"BreadcrumbList\",\"@id\":\"https:\\\/\\\/laboratoriodentaljordenta.com\\\/contacto#breadcrumb\",\"itemListElement\":[{\"@type\":\"ListItem\",\"position\":1,\"name\":\"Portada\",\"item\":\"https:\\\/\\\/laboratoriodentaljordenta.com\\\/\"},{\"@type\":\"ListItem\",\"position\":2,\"name\":\"Contacto\"}]},{\"@type\":\"WebSite\",\"@id\":\"https:\\\/\\\/laboratoriodentaljordenta.com\\\/#website\",\"url\":\"https:\\\/\\\/laboratoriodentaljordenta.com\\\/\",\"name\":\"Jordenta | Laboratorio Dental Protes&iacute;co en Barcelona\",\"description\":\"Laboratorio Dental Protes&iacute;co en Barcelona\",\"potentialAction\":[{\"@type\":\"SearchAction\",\"target\":{\"@type\":\"EntryPoint\",\"urlTemplate\":\"https:\\\/\\\/laboratoriodentaljordenta.com\\\/?s={search_term_string}\"},\"query-input\":{\"@type\":\"PropertyValueSpecification\",\"valueRequired\":true,\"valueName\":\"search_term_string\"}}],\"inLanguage\":\"ca\"}]}<\/script>\n<!-- \/ Yoast SEO plugin. -->","yoast_head_json":{"title":"Contacto - Jordenta | Laboratorio Dental Protes&iacute;co en Barcelona","robots":{"index":"index","follow":"follow","max-snippet":"max-snippet:-1","max-image-preview":"max-image-preview:large","max-video-preview":"max-video-preview:-1"},"canonical":"https:\/\/laboratoriodentaljordenta.com\/cat\/contacto\/","og_locale":"ca_ES","og_type":"article","og_title":"Contacto - Jordenta | Laboratorio Dental Protes&iacute;co en Barcelona","og_description":"Contacto Contacta con Nosotros Estamos aqu\u00ed para ayudarte. Cont\u00e1ctanos hoy mismo y descubre c\u00f3mo Laboratorios Jordenta puede colaborar contigo para proporcionar las mejores soluciones dentales a tus pacientes. \u00a1Esperamos saber de ti pronto! DIRECCI\u00d3N C\/ Rossell\u00f3, 372 1\u00ba3\u00aa 08025-Barcelona INFORMACI\u00d3N DE CONTACTO info@laboratoriodentaljordenta.com 93 436 46 33 \/ 639 09 65 10","og_url":"https:\/\/laboratoriodentaljordenta.com\/cat\/contacto\/","og_site_name":"Jordenta | Laboratorio Dental Protes&iacute;co en Barcelona","article_modified_time":"2025-02-21T09:24:11+00:00","twitter_card":"summary_large_image","twitter_misc":{"Temps estimat de lectura":"1 minut"},"schema":{"@context":"https:\/\/schema.org","@graph":[{"@type":"WebPage","@id":"https:\/\/laboratoriodentaljordenta.com\/contacto","url":"https:\/\/laboratoriodentaljordenta.com\/contacto","name":"Contacto - Jordenta | Laboratorio Dental Protes&iacute;co en Barcelona","isPartOf":{"@id":"https:\/\/laboratoriodentaljordenta.com\/#website"},"datePublished":"2024-06-20T10:02:54+00:00","dateModified":"2025-02-21T09:24:11+00:00","breadcrumb":{"@id":"https:\/\/laboratoriodentaljordenta.com\/contacto#breadcrumb"},"inLanguage":"ca","potentialAction":[{"@type":"ReadAction","target":["https:\/\/laboratoriodentaljordenta.com\/contacto"]}]},{"@type":"BreadcrumbList","@id":"https:\/\/laboratoriodentaljordenta.com\/contacto#breadcrumb","itemListElement":[{"@type":"ListItem","position":1,"name":"Portada","item":"https:\/\/laboratoriodentaljordenta.com\/"},{"@type":"ListItem","position":2,"name":"Contacto"}]},{"@type":"WebSite","@id":"https:\/\/laboratoriodentaljordenta.com\/#website","url":"https:\/\/laboratoriodentaljordenta.com\/","name":"Jordenta | Laboratorio Dental Protes&iacute;co en Barcelona","description":"Laboratorio Dental Protes&iacute;co en Barcelona","potentialAction":[{"@type":"SearchAction","target":{"@type":"EntryPoint","urlTemplate":"https:\/\/laboratoriodentaljordenta.com\/?s={search_term_string}"},"query-input":{"@type":"PropertyValueSpecification","valueRequired":true,"valueName":"search_term_string"}}],"inLanguage":"ca"}]}},"_links":{"self":[{"href":"https:\/\/laboratoriodentaljordenta.com\/cat\/wp-json\/wp\/v2\/pages\/178","targetHints":{"allow":["GET"]}}],"collection":[{"href":"https:\/\/laboratoriodentaljordenta.com\/cat\/wp-json\/wp\/v2\/pages"}],"about":[{"href":"https:\/\/laboratoriodentaljordenta.com\/cat\/wp-json\/wp\/v2\/types\/page"}],"author":[{"embeddable":true,"href":"https:\/\/laboratoriodentaljordenta.com\/cat\/wp-json\/wp\/v2\/users\/1"}],"replies":[{"embeddable":true,"href":"https:\/\/laboratoriodentaljordenta.com\/cat\/wp-json\/wp\/v2\/comments?post=178"}],"version-history":[{"count":55,"href":"https:\/\/laboratoriodentaljordenta.com\/cat\/wp-json\/wp\/v2\/pages\/178\/revisions"}],"predecessor-version":[{"id":1366,"href":"https:\/\/laboratoriodentaljordenta.com\/cat\/wp-json\/wp\/v2\/pages\/178\/revisions\/1366"}],"wp:attachment":[{"href":"https:\/\/laboratoriodentaljordenta.com\/cat\/wp-json\/wp\/v2\/media?parent=178"}],"curies":[{"name":"wp","href":"https:\/\/api.w.org\/{rel}","templated":true}]}}